{"id":1120,"date":"2023-07-21T10:16:02","date_gmt":"2023-07-21T09:16:02","guid":{"rendered":"https:\/\/asunek.eus\/areas-de-trabajo\/dinamizacion\/"},"modified":"2024-01-22T21:06:13","modified_gmt":"2024-01-22T20:06:13","slug":"dinamizacion","status":"publish","type":"page","link":"https:\/\/asunek.eus\/es\/areas-de-trabajo\/dinamizacion\/","title":{"rendered":"Dinamizaci\u00f3n"},"content":{"rendered":"\n<div class=\"wp-block-cover alignfull is-light has-foreground-color has-text-color\" style=\"padding-right:0;padding-left:0;min-height:100vh;aspect-ratio:unset;\"><span aria-hidden=\"true\" class=\"wp-block-cover__background has-background-dim-0 has-background-dim\" style=\"background-color:#fffbee\"><\/span><div class=\"wp-block-cover__inner-container is-layout-constrained wp-container-core-cover-is-layout-7db9d80f wp-block-cover-is-layout-constrained\">\n<h2 class=\"wp-block-heading alignfull has-text-align-left animated fadeInLeft\" style=\"margin-top:var(--wp--preset--spacing--40);padding-right:var(--wp--preset--spacing--40);padding-bottom:3rem;padding-left:var(--wp--preset--spacing--40);font-size:clamp(6.105rem, 6.105rem + ((1vw - 0.2rem) * 13.178), 15rem);font-style:normal;font-weight:400;line-height:0.9\">Dina\u200bmiza\u200bci\u00f3n<\/h2>\n\n\n\n<div class=\"wp-block-columns alignfull are-vertically-aligned-bottom is-layout-flex wp-container-core-columns-is-layout-954ec4bb wp-block-columns-is-layout-flex\" style=\"padding-right:var(--wp--preset--spacing--40);padding-left:var(--wp--preset--spacing--40)\">\n<div class=\"wp-block-column is-vertically-aligned-bottom is-layout-flow wp-block-column-is-layout-flow\" style=\"padding-top:0;padding-right:1rem;padding-bottom:0;padding-left:1rem;flex-basis:50%\">\n<ul style=\"padding-right:0;padding-left:0\" class=\"has-medium-font-size wp-block-list\">\n<li class=\"\">Acompa\u00f1amiento en proyectos de transici\u00f3n ecosocial.<\/li>\n\n\n\n<li class=\"\">Dise\u00f1o, desarrollo e implementaci\u00f3n, seguimiento y valoraci\u00f3n participativa de los planes de acci\u00f3n.&#13;\n<\/li>\n\n\n\n<li class=\"\">Desarrollo de estrategias alimentarias locales.<\/li>\n\n\n\n<li class=\"\">Desarrollo de sistemas de indicadores.<\/li>\n\n\n\n<li class=\"\">Sistematizaci\u00f3n de procesos.<\/li>\n\n\n\n<li class=\"\">Dinamizaci\u00f3n de sesiones de trabajo participativas para el desarrollo de proyectos y procesos locales.<\/li>\n<\/ul>\n<\/div>\n\n\n\n<div class=\"wp-block-column is-vertically-aligned-bottom is-layout-flow wp-block-column-is-layout-flow\" style=\"padding-top:0;padding-right:1rem;padding-bottom:0;padding-left:1rem;flex-basis:50%\"><\/div>\n<\/div>\n\n\n\n<div class=\"wp-block-group alignfull is-layout-constrained wp-container-core-group-is-layout-0a029b5d wp-block-group-is-layout-constrained\" style=\"border-top-width:1px;border-bottom-width:1px;margin-top:var(--wp--preset--spacing--80);margin-bottom:0;padding-top:1rem;padding-right:0;padding-bottom:1rem;padding-left:0\">\n<h1 class=\"wp-block-heading alignfull tanit-marquee\" style=\"margin-right:0;margin-left:0;padding-right:0;padding-left:0;font-style:normal;font-weight:400;text-transform:uppercase\">Proyectos<\/h1>\n<\/div>\n\n\n\n<div class=\"wp-block-group alignfull has-foreground-color has-text-color is-layout-flow wp-block-group-is-layout-flow\" style=\"padding-top:1rem;padding-right:var(--wp--preset--spacing--40);padding-bottom:1rem;padding-left:var(--wp--preset--spacing--40)\">\n<div class=\"wp-block-query is-layout-flow wp-block-query-is-layout-flow\"><\/div>\n<\/div>\n<\/div><\/div>\n","protected":false},"excerpt":{"rendered":"","protected":false},"author":1,"featured_media":0,"parent":1114,"menu_order":0,"comment_status":"closed","ping_status":"closed","template":"","meta":{"tanit_custom_css":"","footnotes":""},"class_list":["post-1120","page","type-page","status-publish","hentry"],"yoast_head":"<!-- This site is optimized with the Yoast SEO plugin v21.7 - https:\/\/yoast.com\/wordpress\/plugins\/seo\/ -->\n<title>Dinamizaci\u00f3n - Asunek Behatokia<\/title>\n<meta name=\"robots\" content=\"index, follow, max-snippet:-1, max-image-preview:large, max-video-preview:-1\" \/>\n<link rel=\"canonical\" href=\"https:\/\/asunek.eus\/es\/areas-de-trabajo\/dinamizacion\/\" \/>\n<meta property=\"og:locale\" content=\"es_ES\" \/>\n<meta property=\"og:type\" content=\"article\" \/>\n<meta property=\"og:title\" content=\"Dinamizaci\u00f3n - Asunek Behatokia\" \/>\n<meta property=\"og:url\" content=\"https:\/\/asunek.eus\/es\/areas-de-trabajo\/dinamizacion\/\" \/>\n<meta property=\"og:site_name\" content=\"Asunek Behatokia\" \/>\n<meta property=\"article:modified_time\" content=\"2024-01-22T20:06:13+00:00\" \/>\n<meta name=\"twitter:card\" content=\"summary_large_image\" \/>\n<script type=\"application\/ld+json\" class=\"yoast-schema-graph\">{\"@context\":\"https:\/\/schema.org\",\"@graph\":[{\"@type\":\"WebPage\",\"@id\":\"https:\/\/asunek.eus\/es\/areas-de-trabajo\/dinamizacion\/\",\"url\":\"https:\/\/asunek.eus\/es\/areas-de-trabajo\/dinamizacion\/\",\"name\":\"Dinamizaci\u00f3n - Asunek Behatokia\",\"isPartOf\":{\"@id\":\"https:\/\/asunek.eus\/#website\"},\"datePublished\":\"2023-07-21T09:16:02+00:00\",\"dateModified\":\"2024-01-22T20:06:13+00:00\",\"breadcrumb\":{\"@id\":\"https:\/\/asunek.eus\/es\/areas-de-trabajo\/dinamizacion\/#breadcrumb\"},\"inLanguage\":\"es\",\"potentialAction\":[{\"@type\":\"ReadAction\",\"target\":[\"https:\/\/asunek.eus\/es\/areas-de-trabajo\/dinamizacion\/\"]}]},{\"@type\":\"BreadcrumbList\",\"@id\":\"https:\/\/asunek.eus\/es\/areas-de-trabajo\/dinamizacion\/#breadcrumb\",\"itemListElement\":[{\"@type\":\"ListItem\",\"position\":1,\"name\":\"Home\",\"item\":\"https:\/\/asunek.eus\/\"},{\"@type\":\"ListItem\",\"position\":2,\"name\":\"\u00c1reas de trabajo\",\"item\":\"https:\/\/asunek.eus\/es\/areas-de-trabajo\/\"},{\"@type\":\"ListItem\",\"position\":3,\"name\":\"Dinamizaci\u00f3n\"}]},{\"@type\":\"WebSite\",\"@id\":\"https:\/\/asunek.eus\/#website\",\"url\":\"https:\/\/asunek.eus\/\",\"name\":\"Asunek Behatokia\",\"description\":\"Lurraldearen eta Elikaduraren Trantsizio Eko-Sozialerako Behatokia\",\"publisher\":{\"@id\":\"https:\/\/asunek.eus\/#organization\"},\"alternateName\":\"Asunek\",\"potentialAction\":[{\"@type\":\"SearchAction\",\"target\":{\"@type\":\"EntryPoint\",\"urlTemplate\":\"https:\/\/asunek.eus\/?s={search_term_string}\"},\"query-input\":\"required name=search_term_string\"}],\"inLanguage\":\"es\"},{\"@type\":\"Organization\",\"@id\":\"https:\/\/asunek.eus\/#organization\",\"name\":\"Asunek Behatokia\",\"alternateName\":\"Asunek\",\"url\":\"https:\/\/asunek.eus\/\",\"logo\":{\"@type\":\"ImageObject\",\"inLanguage\":\"es\",\"@id\":\"https:\/\/asunek.eus\/#\/schema\/logo\/image\/\",\"url\":\"https:\/\/asunek.eus\/wp-content\/uploads\/2023\/07\/ASUNEK-logoa-edited.png\",\"contentUrl\":\"https:\/\/asunek.eus\/wp-content\/uploads\/2023\/07\/ASUNEK-logoa-edited.png\",\"width\":632,\"height\":171,\"caption\":\"Asunek Behatokia\"},\"image\":{\"@id\":\"https:\/\/asunek.eus\/#\/schema\/logo\/image\/\"}}]}<\/script>\n<!-- \/ Yoast SEO plugin. -->","yoast_head_json":{"title":"Dinamizaci\u00f3n - Asunek Behatokia","robots":{"index":"index","follow":"follow","max-snippet":"max-snippet:-1","max-image-preview":"max-image-preview:large","max-video-preview":"max-video-preview:-1"},"canonical":"https:\/\/asunek.eus\/es\/areas-de-trabajo\/dinamizacion\/","og_locale":"es_ES","og_type":"article","og_title":"Dinamizaci\u00f3n - Asunek Behatokia","og_url":"https:\/\/asunek.eus\/es\/areas-de-trabajo\/dinamizacion\/","og_site_name":"Asunek Behatokia","article_modified_time":"2024-01-22T20:06:13+00:00","twitter_card":"summary_large_image","schema":{"@context":"https:\/\/schema.org","@graph":[{"@type":"WebPage","@id":"https:\/\/asunek.eus\/es\/areas-de-trabajo\/dinamizacion\/","url":"https:\/\/asunek.eus\/es\/areas-de-trabajo\/dinamizacion\/","name":"Dinamizaci\u00f3n - Asunek Behatokia","isPartOf":{"@id":"https:\/\/asunek.eus\/#website"},"datePublished":"2023-07-21T09:16:02+00:00","dateModified":"2024-01-22T20:06:13+00:00","breadcrumb":{"@id":"https:\/\/asunek.eus\/es\/areas-de-trabajo\/dinamizacion\/#breadcrumb"},"inLanguage":"es","potentialAction":[{"@type":"ReadAction","target":["https:\/\/asunek.eus\/es\/areas-de-trabajo\/dinamizacion\/"]}]},{"@type":"BreadcrumbList","@id":"https:\/\/asunek.eus\/es\/areas-de-trabajo\/dinamizacion\/#breadcrumb","itemListElement":[{"@type":"ListItem","position":1,"name":"Home","item":"https:\/\/asunek.eus\/"},{"@type":"ListItem","position":2,"name":"\u00c1reas de trabajo","item":"https:\/\/asunek.eus\/es\/areas-de-trabajo\/"},{"@type":"ListItem","position":3,"name":"Dinamizaci\u00f3n"}]},{"@type":"WebSite","@id":"https:\/\/asunek.eus\/#website","url":"https:\/\/asunek.eus\/","name":"Asunek Behatokia","description":"Lurraldearen eta Elikaduraren Trantsizio Eko-Sozialerako Behatokia","publisher":{"@id":"https:\/\/asunek.eus\/#organization"},"alternateName":"Asunek","potentialAction":[{"@type":"SearchAction","target":{"@type":"EntryPoint","urlTemplate":"https:\/\/asunek.eus\/?s={search_term_string}"},"query-input":"required name=search_term_string"}],"inLanguage":"es"},{"@type":"Organization","@id":"https:\/\/asunek.eus\/#organization","name":"Asunek Behatokia","alternateName":"Asunek","url":"https:\/\/asunek.eus\/","logo":{"@type":"ImageObject","inLanguage":"es","@id":"https:\/\/asunek.eus\/#\/schema\/logo\/image\/","url":"https:\/\/asunek.eus\/wp-content\/uploads\/2023\/07\/ASUNEK-logoa-edited.png","contentUrl":"https:\/\/asunek.eus\/wp-content\/uploads\/2023\/07\/ASUNEK-logoa-edited.png","width":632,"height":171,"caption":"Asunek Behatokia"},"image":{"@id":"https:\/\/asunek.eus\/#\/schema\/logo\/image\/"}}]}},"_links":{"self":[{"href":"https:\/\/asunek.eus\/es\/wp-json\/wp\/v2\/pages\/1120","targetHints":{"allow":["GET"]}}],"collection":[{"href":"https:\/\/asunek.eus\/es\/wp-json\/wp\/v2\/pages"}],"about":[{"href":"https:\/\/asunek.eus\/es\/wp-json\/wp\/v2\/types\/page"}],"author":[{"embeddable":true,"href":"https:\/\/asunek.eus\/es\/wp-json\/wp\/v2\/users\/1"}],"replies":[{"embeddable":true,"href":"https:\/\/asunek.eus\/es\/wp-json\/wp\/v2\/comments?post=1120"}],"version-history":[{"count":2,"href":"https:\/\/asunek.eus\/es\/wp-json\/wp\/v2\/pages\/1120\/revisions"}],"predecessor-version":[{"id":1348,"href":"https:\/\/asunek.eus\/es\/wp-json\/wp\/v2\/pages\/1120\/revisions\/1348"}],"up":[{"embeddable":true,"href":"https:\/\/asunek.eus\/es\/wp-json\/wp\/v2\/pages\/1114"}],"wp:attachment":[{"href":"https:\/\/asunek.eus\/es\/wp-json\/wp\/v2\/media?parent=1120"}],"curies":[{"name":"wp","href":"https:\/\/api.w.org\/{rel}","templated":true}]}}