{"id":1115,"date":"2023-07-05T18:18:29","date_gmt":"2023-07-05T17:18:29","guid":{"rendered":"https:\/\/asunek.eus\/quienes-somos\/"},"modified":"2023-12-21T11:20:30","modified_gmt":"2023-12-21T10:20:30","slug":"quienes-somos","status":"publish","type":"page","link":"https:\/\/asunek.eus\/es\/quienes-somos\/","title":{"rendered":"Qui\u00e9nes somos"},"content":{"rendered":"\n<div class=\"wp-block-cover\" style=\"min-height:100vh;aspect-ratio:unset;\"><span aria-hidden=\"true\" class=\"wp-block-cover__background has-background-dim-0 has-background-dim\"><\/span><img loading=\"lazy\" decoding=\"async\" width=\"1024\" height=\"680\" class=\"wp-block-cover__image-background wp-image-704\" alt=\"\" src=\"https:\/\/asunek.eus\/wp-content\/uploads\/2023\/09\/DSC06142-min-1024x680.jpg\" style=\"object-position:69% 50%\" data-object-fit=\"cover\" data-object-position=\"69% 50%\" srcset=\"https:\/\/asunek.eus\/wp-content\/uploads\/2023\/09\/DSC06142-min-1024x680.jpg 1024w, https:\/\/asunek.eus\/wp-content\/uploads\/2023\/09\/DSC06142-min-300x199.jpg 300w, https:\/\/asunek.eus\/wp-content\/uploads\/2023\/09\/DSC06142-min-768x510.jpg 768w, https:\/\/asunek.eus\/wp-content\/uploads\/2023\/09\/DSC06142-min-1536x1021.jpg 1536w, https:\/\/asunek.eus\/wp-content\/uploads\/2023\/09\/DSC06142-min-2048x1361.jpg 2048w\" sizes=\"auto, (max-width: 1024px) 100vw, 1024px\" \/><div class=\"wp-block-cover__inner-container is-layout-flow wp-block-cover-is-layout-flow\">\n<p class=\"has-text-align-center has-large-font-size\"><\/p>\n<\/div><\/div>\n\n<div class=\"wp-block-group alignfull is-layout-constrained wp-container-core-group-is-layout-60c3bb99 wp-block-group-is-layout-constrained\" style=\"margin-top:var(--wp--preset--spacing--80);margin-bottom:5.06rem;padding-top:var(--wp--preset--spacing--80);padding-right:1rem;padding-bottom:var(--wp--preset--spacing--80);padding-left:1rem\">\n<div class=\"wp-block-group alignwide is-layout-constrained wp-block-group-is-layout-constrained\">\n<h2 class=\"wp-block-heading has-text-align-left animated fadeInUp\" style=\"font-size:clamp(4.509rem, 4.509rem + ((1vw - 0.2rem) * 8.135), 10rem);font-style:normal;font-weight:400;line-height:0.8\">Aintzira<br\/>O\u00f1ederra<br\/>Aramendi<\/h2>\n<\/div>\n\n\n\n<div class=\"wp-block-columns alignwide are-vertically-aligned-bottom is-layout-flex wp-container-core-columns-is-layout-87527e6a wp-block-columns-is-layout-flex\" style=\"padding-right:var(--wp--preset--spacing--70);padding-left:var(--wp--preset--spacing--70)\">\n<div class=\"wp-block-column is-vertically-aligned-bottom is-layout-flow wp-block-column-is-layout-flow\">\n<div class=\"wp-block-group is-layout-constrained wp-block-group-is-layout-constrained\">\n<ul class=\"wp-block-social-links has-icon-color is-style-logos-only is-layout-flex wp-block-social-links-is-layout-flex\"><li style=\"color:#000000;\" class=\"wp-social-link wp-social-link-linkedin has-foreground-color wp-block-social-link\"><a href=\"https:\/\/linkedin.com\/in\/aintzira-o\u00f1ederra-aramendi-bb9064265\" class=\"wp-block-social-link-anchor\"><svg width=\"24\" height=\"24\" viewBox=\"0 0 24 24\" version=\"1.1\" xmlns=\"http:\/\/www.w3.org\/2000\/svg\" aria-hidden=\"true\" focusable=\"false\"><path d=\"M19.7,3H4.3C3.582,3,3,3.582,3,4.3v15.4C3,20.418,3.582,21,4.3,21h15.4c0.718,0,1.3-0.582,1.3-1.3V4.3 C21,3.582,20.418,3,19.7,3z M8.339,18.338H5.667v-8.59h2.672V18.338z M7.004,8.574c-0.857,0-1.549-0.694-1.549-1.548 c0-0.855,0.691-1.548,1.549-1.548c0.854,0,1.547,0.694,1.547,1.548C8.551,7.881,7.858,8.574,7.004,8.574z M18.339,18.338h-2.669 v-4.177c0-0.996-0.017-2.278-1.387-2.278c-1.389,0-1.601,1.086-1.601,2.206v4.249h-2.667v-8.59h2.559v1.174h0.037 c0.356-0.675,1.227-1.387,2.526-1.387c2.703,0,3.203,1.779,3.203,4.092V18.338z\"><\/path><\/svg><span class=\"wp-block-social-link-label screen-reader-text\">LinkedIn<\/span><\/a><\/li><\/ul>\n\n\n\n<p class=\"has-medium-font-size\">Licenciada en Ciencias Ambientales por la Universidad Aut\u00f3noma de Barcelona y M\u00e1ster en&#13;\nAgroecolog\u00eda por la Universidad Internacional de Andaluc\u00eda. Actualmente desarrolla una tesis&#13;\ndoctoral sobre el modelo de gobernanza que se estructura en los Sistemas Alternativos de Alimentaci\u00f3n. Ha participado en diversos estudios relacionados con los sistemas agroecol\u00f3gicos de producci\u00f3n, el desarrollo rural y la viabilidad socio-econ\u00f3mica de los proyectos. Tambi\u00e9n ha coordinado proyectos basados en la dinamizaci\u00f3n agroecol\u00f3gica, estrategias alimentarias locales y unidades colectivas para el aprovisionamiento de comedores colectivos. Por otro lado, forma parte activa del grupo motor del movimiento agroecol\u00f3gico que pretende estructurar el Sistema de Garant\u00eda Participativa en Euskal Herria.<\/p>\n<\/div>\n<\/div>\n\n\n\n<div class=\"wp-block-column is-vertically-aligned-bottom is-layout-flow wp-block-column-is-layout-flow\" style=\"flex-basis:30%\">\n<div class=\"wp-block-group is-vertical is-layout-flex wp-container-core-group-is-layout-fe9cc265 wp-block-group-is-layout-flex\">\n<figure class=\"wp-block-image alignright size-full is-resized\"><img loading=\"lazy\" decoding=\"async\" width=\"403\" height=\"334\" src=\"https:\/\/asunek.eus\/wp-content\/uploads\/2023\/07\/Ainstzira_edited.webp\" alt=\"\" class=\"wp-image-185\" style=\"object-fit:cover;width:432px;height:432px\" srcset=\"https:\/\/asunek.eus\/wp-content\/uploads\/2023\/07\/Ainstzira_edited.webp 403w, https:\/\/asunek.eus\/wp-content\/uploads\/2023\/07\/Ainstzira_edited-300x249.webp 300w\" sizes=\"auto, (max-width: 403px) 100vw, 403px\" \/><\/figure>\n<\/div>\n<\/div>\n<\/div>\n<\/div>\n\n<div class=\"wp-block-group alignfull is-layout-constrained wp-container-core-group-is-layout-60c3bb99 wp-block-group-is-layout-constrained\" style=\"margin-top:var(--wp--preset--spacing--80);margin-bottom:5.06rem;padding-top:var(--wp--preset--spacing--80);padding-right:1rem;padding-bottom:var(--wp--preset--spacing--80);padding-left:1rem\">\n<div class=\"wp-block-group alignwide is-layout-constrained wp-block-group-is-layout-constrained\">\n<h2 class=\"wp-block-heading has-text-align-right animated fadeInUp\" style=\"font-size:clamp(4.509rem, 4.509rem + ((1vw - 0.2rem) * 8.135), 10rem);font-style:normal;font-weight:400;line-height:0.8\">Goiuri<br\/>Alberdi<br\/>Aresti<\/h2>\n<\/div>\n\n\n\n<div class=\"wp-block-columns alignwide are-vertically-aligned-bottom is-layout-flex wp-container-core-columns-is-layout-28f84493 wp-block-columns-is-layout-flex\">\n<div class=\"wp-block-column is-vertically-aligned-bottom is-layout-flow wp-block-column-is-layout-flow\" style=\"flex-basis:30%\">\n<div class=\"wp-block-group is-vertical is-layout-flex wp-container-core-group-is-layout-fe9cc265 wp-block-group-is-layout-flex\">\n<figure class=\"wp-block-image alignright size-full is-resized\"><img loading=\"lazy\" decoding=\"async\" width=\"347\" height=\"288\" src=\"https:\/\/asunek.eus\/wp-content\/uploads\/2023\/07\/Goiuri_edited_edited.webp\" alt=\"\" class=\"wp-image-15\" style=\"object-fit:cover;width:475px;height:475px\" srcset=\"https:\/\/asunek.eus\/wp-content\/uploads\/2023\/07\/Goiuri_edited_edited.webp 347w, https:\/\/asunek.eus\/wp-content\/uploads\/2023\/07\/Goiuri_edited_edited-300x249.webp 300w\" sizes=\"auto, (max-width: 347px) 100vw, 347px\" \/><\/figure>\n<\/div>\n<\/div>\n\n\n\n<div class=\"wp-block-column is-vertically-aligned-bottom is-layout-flow wp-block-column-is-layout-flow\">\n<div class=\"wp-block-group is-layout-constrained wp-block-group-is-layout-constrained\">\n<ul class=\"wp-block-social-links has-icon-color is-style-logos-only is-layout-flex wp-block-social-links-is-layout-flex\"><li style=\"color:#000000;\" class=\"wp-social-link wp-social-link-linkedin has-foreground-color wp-block-social-link\"><a href=\"https:\/\/www.linkedin.com\/in\/goiurialberdi\" class=\"wp-block-social-link-anchor\"><svg width=\"24\" height=\"24\" viewBox=\"0 0 24 24\" version=\"1.1\" xmlns=\"http:\/\/www.w3.org\/2000\/svg\" aria-hidden=\"true\" focusable=\"false\"><path d=\"M19.7,3H4.3C3.582,3,3,3.582,3,4.3v15.4C3,20.418,3.582,21,4.3,21h15.4c0.718,0,1.3-0.582,1.3-1.3V4.3 C21,3.582,20.418,3,19.7,3z M8.339,18.338H5.667v-8.59h2.672V18.338z M7.004,8.574c-0.857,0-1.549-0.694-1.549-1.548 c0-0.855,0.691-1.548,1.549-1.548c0.854,0,1.547,0.694,1.547,1.548C8.551,7.881,7.858,8.574,7.004,8.574z M18.339,18.338h-2.669 v-4.177c0-0.996-0.017-2.278-1.387-2.278c-1.389,0-1.601,1.086-1.601,2.206v4.249h-2.667v-8.59h2.559v1.174h0.037 c0.356-0.675,1.227-1.387,2.526-1.387c2.703,0,3.203,1.779,3.203,4.092V18.338z\"><\/path><\/svg><span class=\"wp-block-social-link-label screen-reader-text\">LinkedIn<\/span><\/a><\/li><\/ul>\n\n\n\n<p class=\"has-medium-font-size\">Licenciada en Nutrici\u00f3n Humana y Diet\u00e9tica (Robert Gordon University, Escocia) y Doctora en Nutrici\u00f3n y Salud (UPV\/EHU). Adem\u00e1s de en Euskal Herria, ha desarrollado su carrera investigadora en Escocia e Irlanda. Su investigaci\u00f3n se ha centrado en proyectos de salud p\u00fablica y alimentaci\u00f3n. En los \u00faltimos a\u00f1os se ha centrado en proyectos de investigaci\u00f3n cualitativa y participativa en torno a la transici\u00f3n de los sistemas alimentarios y agroecol\u00f3gicos. Entre sus trabajos se pueden encontrar la elaboraci\u00f3n de la definici\u00f3n de estrategia de investigaci\u00f3n e innovaci\u00f3n necesaria para un sistema alimentario sostenible en Euskadi 2030, as\u00ed como los desarrollos de un sistema de indicadores para transitar los sistemas alimentarios de las instituciones sanitarias hacia la sostenibilidad. Considerando los sistemas agroecol\u00f3gicos alimentarios como claves para garantizar la salud comunitaria, tiene inter\u00e9s en llevar a cabo proyectos locales en este \u00e1mbito.<\/p>\n<\/div>\n<\/div>\n<\/div>\n<\/div>\n","protected":false},"excerpt":{"rendered":"<p>AintziraO\u00f1ederraAramendi Licenciada en Ciencias Ambientales por la Universidad Aut\u00f3noma de Barcelona y M\u00e1ster en&#13; Agroecolog\u00eda por la Universidad Internacional de Andaluc\u00eda. Actualmente desarrolla una tesis&#13; doctoral sobre el modelo de gobernanza que se estructura en los Sistemas Alternativos de Alimentaci\u00f3n. Ha participado en diversos estudios relacionados con los sistemas agroecol\u00f3gicos de producci\u00f3n, el desarrollo rural [&hellip;]<\/p>\n","protected":false},"author":1,"featured_media":0,"parent":0,"menu_order":0,"comment_status":"closed","ping_status":"closed","template":"","meta":{"tanit_custom_css":"","footnotes":""},"class_list":["post-1115","page","type-page","status-publish","hentry"],"yoast_head":"<!-- This site is optimized with the Yoast SEO plugin v21.7 - https:\/\/yoast.com\/wordpress\/plugins\/seo\/ -->\n<title>Asunek Behatokia - Qui\u00e9nes somos<\/title>\n<meta name=\"description\" content=\"Aintzira y Goiuri son compa\u00f1eras en Asunek behatokia. Expertas en temas como la agroecolog\u00eda y la alimentai\u00f3n.\" \/>\n<meta name=\"robots\" content=\"index, follow, max-snippet:-1, max-image-preview:large, max-video-preview:-1\" \/>\n<link rel=\"canonical\" href=\"https:\/\/asunek.eus\/es\/quienes-somos\/\" \/>\n<meta property=\"og:locale\" content=\"es_ES\" \/>\n<meta property=\"og:type\" content=\"article\" \/>\n<meta property=\"og:title\" content=\"Asunek Behatokia - Qui\u00e9nes somos\" \/>\n<meta property=\"og:description\" content=\"Aintzira y Goiuri son compa\u00f1eras en Asunek behatokia. Expertas en temas como la agroecolog\u00eda y la alimentai\u00f3n.\" \/>\n<meta property=\"og:url\" content=\"https:\/\/asunek.eus\/es\/quienes-somos\/\" \/>\n<meta property=\"og:site_name\" content=\"Asunek Behatokia\" \/>\n<meta property=\"article:modified_time\" content=\"2023-12-21T10:20:30+00:00\" \/>\n<meta property=\"og:image\" content=\"https:\/\/asunek.eus\/app\/uploads\/2023\/09\/DSC06142-min-1024x680.jpg\" \/>\n<meta name=\"twitter:card\" content=\"summary_large_image\" \/>\n<meta name=\"twitter:label1\" content=\"Tiempo de lectura\" \/>\n\t<meta name=\"twitter:data1\" content=\"1 minuto\" \/>\n<script type=\"application\/ld+json\" class=\"yoast-schema-graph\">{\"@context\":\"https:\/\/schema.org\",\"@graph\":[{\"@type\":\"WebPage\",\"@id\":\"https:\/\/asunek.eus\/es\/quienes-somos\/\",\"url\":\"https:\/\/asunek.eus\/es\/quienes-somos\/\",\"name\":\"Asunek Behatokia - Qui\u00e9nes somos\",\"isPartOf\":{\"@id\":\"https:\/\/asunek.eus\/#website\"},\"datePublished\":\"2023-07-05T17:18:29+00:00\",\"dateModified\":\"2023-12-21T10:20:30+00:00\",\"description\":\"Aintzira y Goiuri son compa\u00f1eras en Asunek behatokia. Expertas en temas como la agroecolog\u00eda y la alimentai\u00f3n.\",\"breadcrumb\":{\"@id\":\"https:\/\/asunek.eus\/es\/quienes-somos\/#breadcrumb\"},\"inLanguage\":\"es\",\"potentialAction\":[{\"@type\":\"ReadAction\",\"target\":[\"https:\/\/asunek.eus\/es\/quienes-somos\/\"]}]},{\"@type\":\"BreadcrumbList\",\"@id\":\"https:\/\/asunek.eus\/es\/quienes-somos\/#breadcrumb\",\"itemListElement\":[{\"@type\":\"ListItem\",\"position\":1,\"name\":\"Home\",\"item\":\"https:\/\/asunek.eus\/\"},{\"@type\":\"ListItem\",\"position\":2,\"name\":\"Qui\u00e9nes somos\"}]},{\"@type\":\"WebSite\",\"@id\":\"https:\/\/asunek.eus\/#website\",\"url\":\"https:\/\/asunek.eus\/\",\"name\":\"Asunek Behatokia\",\"description\":\"Lurraldearen eta Elikaduraren Trantsizio Eko-Sozialerako Behatokia\",\"publisher\":{\"@id\":\"https:\/\/asunek.eus\/#organization\"},\"alternateName\":\"Asunek\",\"potentialAction\":[{\"@type\":\"SearchAction\",\"target\":{\"@type\":\"EntryPoint\",\"urlTemplate\":\"https:\/\/asunek.eus\/?s={search_term_string}\"},\"query-input\":\"required name=search_term_string\"}],\"inLanguage\":\"es\"},{\"@type\":\"Organization\",\"@id\":\"https:\/\/asunek.eus\/#organization\",\"name\":\"Asunek Behatokia\",\"alternateName\":\"Asunek\",\"url\":\"https:\/\/asunek.eus\/\",\"logo\":{\"@type\":\"ImageObject\",\"inLanguage\":\"es\",\"@id\":\"https:\/\/asunek.eus\/#\/schema\/logo\/image\/\",\"url\":\"https:\/\/asunek.eus\/wp-content\/uploads\/2023\/07\/ASUNEK-logoa-edited.png\",\"contentUrl\":\"https:\/\/asunek.eus\/wp-content\/uploads\/2023\/07\/ASUNEK-logoa-edited.png\",\"width\":632,\"height\":171,\"caption\":\"Asunek Behatokia\"},\"image\":{\"@id\":\"https:\/\/asunek.eus\/#\/schema\/logo\/image\/\"}}]}<\/script>\n<!-- \/ Yoast SEO plugin. -->","yoast_head_json":{"title":"Asunek Behatokia - Qui\u00e9nes somos","description":"Aintzira y Goiuri son compa\u00f1eras en Asunek behatokia. Expertas en temas como la agroecolog\u00eda y la alimentai\u00f3n.","robots":{"index":"index","follow":"follow","max-snippet":"max-snippet:-1","max-image-preview":"max-image-preview:large","max-video-preview":"max-video-preview:-1"},"canonical":"https:\/\/asunek.eus\/es\/quienes-somos\/","og_locale":"es_ES","og_type":"article","og_title":"Asunek Behatokia - Qui\u00e9nes somos","og_description":"Aintzira y Goiuri son compa\u00f1eras en Asunek behatokia. Expertas en temas como la agroecolog\u00eda y la alimentai\u00f3n.","og_url":"https:\/\/asunek.eus\/es\/quienes-somos\/","og_site_name":"Asunek Behatokia","article_modified_time":"2023-12-21T10:20:30+00:00","og_image":[{"url":"https:\/\/asunek.eus\/app\/uploads\/2023\/09\/DSC06142-min-1024x680.jpg"}],"twitter_card":"summary_large_image","twitter_misc":{"Tiempo de lectura":"1 minuto"},"schema":{"@context":"https:\/\/schema.org","@graph":[{"@type":"WebPage","@id":"https:\/\/asunek.eus\/es\/quienes-somos\/","url":"https:\/\/asunek.eus\/es\/quienes-somos\/","name":"Asunek Behatokia - Qui\u00e9nes somos","isPartOf":{"@id":"https:\/\/asunek.eus\/#website"},"datePublished":"2023-07-05T17:18:29+00:00","dateModified":"2023-12-21T10:20:30+00:00","description":"Aintzira y Goiuri son compa\u00f1eras en Asunek behatokia. Expertas en temas como la agroecolog\u00eda y la alimentai\u00f3n.","breadcrumb":{"@id":"https:\/\/asunek.eus\/es\/quienes-somos\/#breadcrumb"},"inLanguage":"es","potentialAction":[{"@type":"ReadAction","target":["https:\/\/asunek.eus\/es\/quienes-somos\/"]}]},{"@type":"BreadcrumbList","@id":"https:\/\/asunek.eus\/es\/quienes-somos\/#breadcrumb","itemListElement":[{"@type":"ListItem","position":1,"name":"Home","item":"https:\/\/asunek.eus\/"},{"@type":"ListItem","position":2,"name":"Qui\u00e9nes somos"}]},{"@type":"WebSite","@id":"https:\/\/asunek.eus\/#website","url":"https:\/\/asunek.eus\/","name":"Asunek Behatokia","description":"Lurraldearen eta Elikaduraren Trantsizio Eko-Sozialerako Behatokia","publisher":{"@id":"https:\/\/asunek.eus\/#organization"},"alternateName":"Asunek","potentialAction":[{"@type":"SearchAction","target":{"@type":"EntryPoint","urlTemplate":"https:\/\/asunek.eus\/?s={search_term_string}"},"query-input":"required name=search_term_string"}],"inLanguage":"es"},{"@type":"Organization","@id":"https:\/\/asunek.eus\/#organization","name":"Asunek Behatokia","alternateName":"Asunek","url":"https:\/\/asunek.eus\/","logo":{"@type":"ImageObject","inLanguage":"es","@id":"https:\/\/asunek.eus\/#\/schema\/logo\/image\/","url":"https:\/\/asunek.eus\/wp-content\/uploads\/2023\/07\/ASUNEK-logoa-edited.png","contentUrl":"https:\/\/asunek.eus\/wp-content\/uploads\/2023\/07\/ASUNEK-logoa-edited.png","width":632,"height":171,"caption":"Asunek Behatokia"},"image":{"@id":"https:\/\/asunek.eus\/#\/schema\/logo\/image\/"}}]}},"_links":{"self":[{"href":"https:\/\/asunek.eus\/es\/wp-json\/wp\/v2\/pages\/1115","targetHints":{"allow":["GET"]}}],"collection":[{"href":"https:\/\/asunek.eus\/es\/wp-json\/wp\/v2\/pages"}],"about":[{"href":"https:\/\/asunek.eus\/es\/wp-json\/wp\/v2\/types\/page"}],"author":[{"embeddable":true,"href":"https:\/\/asunek.eus\/es\/wp-json\/wp\/v2\/users\/1"}],"replies":[{"embeddable":true,"href":"https:\/\/asunek.eus\/es\/wp-json\/wp\/v2\/comments?post=1115"}],"version-history":[{"count":3,"href":"https:\/\/asunek.eus\/es\/wp-json\/wp\/v2\/pages\/1115\/revisions"}],"predecessor-version":[{"id":1270,"href":"https:\/\/asunek.eus\/es\/wp-json\/wp\/v2\/pages\/1115\/revisions\/1270"}],"wp:attachment":[{"href":"https:\/\/asunek.eus\/es\/wp-json\/wp\/v2\/media?parent=1115"}],"curies":[{"name":"wp","href":"https:\/\/api.w.org\/{rel}","templated":true}]}}