{"id":1114,"date":"2023-07-05T17:59:40","date_gmt":"2023-07-05T16:59:40","guid":{"rendered":"https:\/\/asunek.eus\/areas-de-trabajo\/"},"modified":"2024-01-22T21:02:21","modified_gmt":"2024-01-22T20:02:21","slug":"areas-de-trabajo","status":"publish","type":"page","link":"https:\/\/asunek.eus\/es\/areas-de-trabajo\/","title":{"rendered":"\u00c1reas de trabajo"},"content":{"rendered":"\n<div class=\"wp-block-cover alignfull is-light has-foreground-color has-text-color\" style=\"padding-right:var(--wp--preset--spacing--40);padding-left:var(--wp--preset--spacing--40);min-height:100vh;aspect-ratio:unset;\"><span aria-hidden=\"true\" class=\"wp-block-cover__background has-background-background-color has-background-dim-100 has-background-dim\"><\/span><div class=\"wp-block-cover__inner-container is-layout-constrained wp-container-core-cover-is-layout-97829e9f wp-block-cover-is-layout-constrained\">\n<h2 class=\"wp-block-heading alignfull has-text-align-left animated fadeInLeft\" style=\"margin-top:var(--wp--preset--spacing--40);padding-right:0;padding-bottom:3rem;padding-left:0;font-size:clamp(6.105rem, 6.105rem + ((1vw - 0.2rem) * 13.178), 15rem);font-style:normal;font-weight:400;line-height:0.9\">Con\u200bsul\u200btor\u00eda <div><\/div>  t\u00e9c\u200bnica<\/h2>\n\n\n\n<div class=\"wp-block-columns alignfull are-vertically-aligned-bottom is-layout-flex wp-container-core-columns-is-layout-28f84493 wp-block-columns-is-layout-flex\">\n<div class=\"wp-block-column is-vertically-aligned-bottom is-layout-flow wp-block-column-is-layout-flow\" style=\"padding-top:0;padding-right:1rem;padding-bottom:0;padding-left:1rem;flex-basis:50%\">\n<ul style=\"padding-right:0;padding-left:0\" class=\"animated fadeInLeft delay-100ms has-medium-font-size wp-block-list\">\n<li class=\"\">Diagn\u00f3sticos localizados necesarios para el desarrollo sostenible del territorio y dise\u00f1o de planes de acci\u00f3n.<\/li>\n\n\n\n<li class=\"\">Evaluaci\u00f3n de proyectos y medici\u00f3n de impactos. <\/li>\n\n\n\n<li class=\"\">Elaboraci\u00f3n y preparaci\u00f3n de proyectos desde ideas localizadas para convocatorias concretas. <\/li>\n\n\n\n<li class=\"\">Gesti\u00f3n general y econ\u00f3mica de proyectos.<\/li>\n<\/ul>\n<\/div>\n\n\n\n<div class=\"wp-block-column is-vertically-aligned-bottom is-layout-flow wp-block-column-is-layout-flow\" style=\"padding-top:0;padding-right:1rem;padding-bottom:0;padding-left:1rem;flex-basis:50%\"><\/div>\n<\/div>\n\n\n\n<div class=\"wp-block-group alignfull has-foreground-color has-text-color is-layout-flow wp-block-group-is-layout-flow\" style=\"padding-top:1rem;padding-right:var(--wp--preset--spacing--40);padding-bottom:1rem;padding-left:var(--wp--preset--spacing--40)\">\n<div class=\"wp-block-query is-layout-flow wp-block-query-is-layout-flow\"><\/div>\n<\/div>\n<\/div><\/div>\n\n<div class=\"wp-block-cover alignfull is-light\" style=\"margin-top:0;margin-bottom:0;padding-top:var(--wp--preset--spacing--80);padding-right:1rem;padding-bottom:var(--wp--preset--spacing--80);padding-left:1rem;min-height:100vh;aspect-ratio:unset;\" id=\"dinamizazioa\"><span aria-hidden=\"true\" class=\"wp-block-cover__background has-background-background-color has-background-dim-100 has-background-dim\"><\/span><div class=\"wp-block-cover__inner-container is-layout-constrained wp-container-core-cover-is-layout-fdf0008c wp-block-cover-is-layout-constrained\">\n<h2 class=\"wp-block-heading alignfull has-text-align-right animated fadeInUp\" style=\"margin-top:0;margin-bottom:0rem;padding-right:0;padding-bottom:3rem;padding-left:0;font-size:clamp(6.105rem, 6.105rem + ((1vw - 0.2rem) * 13.178), 15rem);font-style:normal;font-weight:400;line-height:0.9\">Dina\u200bmiza\u200bci\u00f3n<\/h2>\n\n\n\n<div class=\"wp-block-columns alignfull are-vertically-aligned-bottom is-layout-flex wp-container-core-columns-is-layout-e79a657b wp-block-columns-is-layout-flex\" style=\"padding-top:0\">\n<div class=\"wp-block-column is-vertically-aligned-bottom is-layout-flow wp-block-column-is-layout-flow\" style=\"padding-top:0;padding-right:1rem;padding-bottom:0;padding-left:1rem;flex-basis:50%\"><\/div>\n\n\n\n<div class=\"wp-block-column is-vertically-aligned-bottom is-layout-flow wp-block-column-is-layout-flow\" style=\"padding-top:0;padding-right:1rem;padding-bottom:0;padding-left:1rem;flex-basis:50%\">\n<ul style=\"padding-right:0;padding-left:0\" class=\"animated fadeInUp delay-100ms has-medium-font-size wp-block-list\">\n<li class=\"\">Acompa\u00f1amiento en proyectos de transici\u00f3n ecosocial.<\/li>\n\n\n\n<li class=\"\">Dise\u00f1o, desarrollo e implementaci\u00f3n, seguimiento y valoraci\u00f3n participativa de los planes de acci\u00f3n.<\/li>\n\n\n\n<li class=\"\">Desarrollo de estrategias alimentarias locales.<\/li>\n\n\n\n<li class=\"\">Desarrollo de sistemas de indicadores.<\/li>\n\n\n\n<li class=\"\">Sistematizaci\u00f3n de procesos.<\/li>\n\n\n\n<li class=\"\">Dinamizaci\u00f3n de sesiones de trabajo participativas para el desarrollo de proyectos y procesos locales.<\/li>\n<\/ul>\n<\/div>\n<\/div>\n\n\n\n<div class=\"wp-block-group alignfull has-foreground-color has-text-color is-layout-flow wp-block-group-is-layout-flow\" style=\"padding-top:1rem;padding-right:var(--wp--preset--spacing--40);padding-bottom:1rem;padding-left:var(--wp--preset--spacing--40)\">\n<div class=\"wp-block-query is-layout-flow wp-block-query-is-layout-flow\"><\/div>\n<\/div>\n<\/div><\/div>\n\n<div class=\"wp-block-cover alignfull is-light has-foreground-color has-text-color\" style=\"margin-top:0;margin-bottom:0;padding-right:var(--wp--preset--spacing--40);padding-left:var(--wp--preset--spacing--40);min-height:100vh;aspect-ratio:unset;\"><span aria-hidden=\"true\" class=\"wp-block-cover__background has-background-background-color has-background-dim-100 has-background-dim\"><\/span><div class=\"wp-block-cover__inner-container is-layout-constrained wp-container-core-cover-is-layout-74ccbb19 wp-block-cover-is-layout-constrained\">\n<h2 class=\"wp-block-heading alignfull has-text-align-left animated fadeInUp\" style=\"margin-top:var(--wp--preset--spacing--40);padding-right:0;padding-bottom:3rem;padding-left:0;font-size:clamp(6.105rem, 6.105rem + ((1vw - 0.2rem) * 13.178), 15rem);font-style:normal;font-weight:400;line-height:0.9\">Inves\u200btiga\u200bci\u00f3n y for\u200bma\u200bci\u00f3n<\/h2>\n\n\n\n<div class=\"wp-block-columns alignfull are-vertically-aligned-bottom is-layout-flex wp-container-core-columns-is-layout-28f84493 wp-block-columns-is-layout-flex\">\n<div class=\"wp-block-column is-vertically-aligned-bottom is-layout-flow wp-block-column-is-layout-flow\" style=\"padding-top:0;padding-right:1rem;padding-bottom:0;padding-left:1rem;flex-basis:50%\">\n<ul style=\"padding-right:0;padding-left:0\" class=\"animated fadeInUp delay-100ms has-medium-font-size wp-block-list\">\n<li class=\"\">B\u00fasqueda y an\u00e1lisis de informaci\u00f3n\/conocimiento para orientar los retos de la transici\u00f3n ecosocial y facilitar la capacidad de decisi\u00f3n.<\/li>\n\n\n\n<li class=\"\">Creaci\u00f3n y compartici\u00f3n del conocimiento para la resoluci\u00f3n de problemas territoriales.<\/li>\n\n\n\n<li class=\"\">Di\u00e1logo multidisciplinar: econom\u00eda, ciencias de la salud, ciencias ambientales, agronom\u00eda, etc.<\/li>\n\n\n\n<li class=\"\">Investigaci\u00f3n participativa basada en una visi\u00f3n integral.<\/li>\n\n\n\n<li class=\"\">Metodolog\u00eda de investigaci\u00f3n-acci\u00f3n, poniendo el conocimiento local en el centro.<\/li>\n<\/ul>\n<\/div>\n\n\n\n<div class=\"wp-block-column is-vertically-aligned-bottom is-layout-flow wp-block-column-is-layout-flow\" style=\"padding-top:0;padding-right:1rem;padding-bottom:0;padding-left:1rem;flex-basis:50%\"><\/div>\n<\/div>\n\n\n\n<div class=\"wp-block-group alignfull has-foreground-color has-text-color is-layout-flow wp-block-group-is-layout-flow\" style=\"padding-top:1rem;padding-right:var(--wp--preset--spacing--40);padding-bottom:1rem;padding-left:var(--wp--preset--spacing--40)\">\n<div class=\"wp-block-query is-layout-flow wp-block-query-is-layout-flow\"><\/div>\n<\/div>\n<\/div><\/div>\n\n<div class=\"wp-block-cover alignfull is-light\" style=\"margin-top:0;margin-bottom:0;padding-top:var(--wp--preset--spacing--80);padding-right:1rem;padding-bottom:var(--wp--preset--spacing--80);padding-left:1rem;min-height:100vh;aspect-ratio:unset;\"><span aria-hidden=\"true\" class=\"wp-block-cover__background has-background-background-color has-background-dim-100 has-background-dim\"><\/span><div class=\"wp-block-cover__inner-container is-layout-constrained wp-container-core-cover-is-layout-fdf0008c wp-block-cover-is-layout-constrained\">\n<h2 class=\"wp-block-heading alignfull has-text-align-right animated fadeInUp\" style=\"margin-top:0;margin-bottom:0rem;padding-right:0;padding-bottom:3rem;padding-left:0;font-size:clamp(5.802rem, 5.802rem + ((1vw - 0.2rem) * 12.145), 14rem);font-style:normal;font-weight:400;line-height:0.9\">Sen\u200bsi\u200bbiliza\u200bci\u00f3n, <div><\/div> peda\u200bgog\u00eda y <div><\/div> comu\u200bnica\u200bci\u00f3n<\/h2>\n\n\n\n<div class=\"wp-block-columns alignfull are-vertically-aligned-bottom is-layout-flex wp-container-core-columns-is-layout-e79a657b wp-block-columns-is-layout-flex\" style=\"padding-top:0\">\n<div class=\"wp-block-column is-vertically-aligned-bottom is-layout-flow wp-block-column-is-layout-flow\" style=\"padding-top:0;padding-right:1rem;padding-bottom:0;padding-left:1rem;flex-basis:50%\"><\/div>\n\n\n\n<div class=\"wp-block-column is-vertically-aligned-bottom is-layout-flow wp-block-column-is-layout-flow\" style=\"padding-top:0;padding-right:1rem;padding-bottom:0;padding-left:1rem;flex-basis:50%\">\n<ul style=\"padding-right:0;padding-left:0\" class=\"animated fadeInUp delay-100ms has-medium-font-size wp-block-list\">\n<li class=\"\">Desarrollamos trabajos divulgativos y pedag\u00f3gicos para la transici\u00f3n ecosocial y la transformaci\u00f3n social, promoviendo la concienciaci\u00f3n popular y el pensamiento cr\u00edtico.<\/li>\n\n\n\n<li class=\"\">Conferencias; Mesas redondas; Seminarios<\/li>\n\n\n\n<li class=\"\">Trabajamos contenido para crear soportes comunicativos (en el \u00e1mbito educativo)<\/li>\n<\/ul>\n<\/div>\n<\/div>\n\n\n\n<div class=\"wp-block-group alignfull has-foreground-color has-text-color is-layout-flow wp-block-group-is-layout-flow\" style=\"padding-top:1rem;padding-right:var(--wp--preset--spacing--40);padding-bottom:1rem;padding-left:var(--wp--preset--spacing--40)\">\n<div class=\"wp-block-query is-layout-flow wp-block-query-is-layout-flow\"><\/div>\n<\/div>\n<\/div><\/div>\n","protected":false},"excerpt":{"rendered":"","protected":false},"author":1,"featured_media":0,"parent":0,"menu_order":0,"comment_status":"closed","ping_status":"closed","template":"","meta":{"tanit_custom_css":"","footnotes":""},"class_list":["post-1114","page","type-page","status-publish","hentry"],"yoast_head":"<!-- This site is optimized with the Yoast SEO plugin v21.7 - https:\/\/yoast.com\/wordpress\/plugins\/seo\/ -->\n<title>\u00c1reas de trabajo - Asunek Behatokia<\/title>\n<meta name=\"robots\" content=\"index, follow, max-snippet:-1, max-image-preview:large, max-video-preview:-1\" \/>\n<link rel=\"canonical\" href=\"https:\/\/asunek.eus\/es\/areas-de-trabajo\/\" \/>\n<meta property=\"og:locale\" content=\"es_ES\" \/>\n<meta property=\"og:type\" content=\"article\" \/>\n<meta property=\"og:title\" content=\"\u00c1reas de trabajo - Asunek Behatokia\" \/>\n<meta property=\"og:url\" content=\"https:\/\/asunek.eus\/es\/areas-de-trabajo\/\" \/>\n<meta property=\"og:site_name\" content=\"Asunek Behatokia\" \/>\n<meta property=\"article:modified_time\" content=\"2024-01-22T20:02:21+00:00\" \/>\n<meta name=\"twitter:card\" content=\"summary_large_image\" \/>\n<meta name=\"twitter:label1\" content=\"Tiempo de lectura\" \/>\n\t<meta name=\"twitter:data1\" content=\"1 minuto\" \/>\n<script type=\"application\/ld+json\" class=\"yoast-schema-graph\">{\"@context\":\"https:\/\/schema.org\",\"@graph\":[{\"@type\":\"WebPage\",\"@id\":\"https:\/\/asunek.eus\/es\/areas-de-trabajo\/\",\"url\":\"https:\/\/asunek.eus\/es\/areas-de-trabajo\/\",\"name\":\"\u00c1reas de trabajo - Asunek Behatokia\",\"isPartOf\":{\"@id\":\"https:\/\/asunek.eus\/#website\"},\"datePublished\":\"2023-07-05T16:59:40+00:00\",\"dateModified\":\"2024-01-22T20:02:21+00:00\",\"breadcrumb\":{\"@id\":\"https:\/\/asunek.eus\/es\/areas-de-trabajo\/#breadcrumb\"},\"inLanguage\":\"es\",\"potentialAction\":[{\"@type\":\"ReadAction\",\"target\":[\"https:\/\/asunek.eus\/es\/areas-de-trabajo\/\"]}]},{\"@type\":\"BreadcrumbList\",\"@id\":\"https:\/\/asunek.eus\/es\/areas-de-trabajo\/#breadcrumb\",\"itemListElement\":[{\"@type\":\"ListItem\",\"position\":1,\"name\":\"Home\",\"item\":\"https:\/\/asunek.eus\/\"},{\"@type\":\"ListItem\",\"position\":2,\"name\":\"\u00c1reas de trabajo\"}]},{\"@type\":\"WebSite\",\"@id\":\"https:\/\/asunek.eus\/#website\",\"url\":\"https:\/\/asunek.eus\/\",\"name\":\"Asunek Behatokia\",\"description\":\"Lurraldearen eta Elikaduraren Trantsizio Eko-Sozialerako Behatokia\",\"publisher\":{\"@id\":\"https:\/\/asunek.eus\/#organization\"},\"alternateName\":\"Asunek\",\"potentialAction\":[{\"@type\":\"SearchAction\",\"target\":{\"@type\":\"EntryPoint\",\"urlTemplate\":\"https:\/\/asunek.eus\/?s={search_term_string}\"},\"query-input\":\"required name=search_term_string\"}],\"inLanguage\":\"es\"},{\"@type\":\"Organization\",\"@id\":\"https:\/\/asunek.eus\/#organization\",\"name\":\"Asunek Behatokia\",\"alternateName\":\"Asunek\",\"url\":\"https:\/\/asunek.eus\/\",\"logo\":{\"@type\":\"ImageObject\",\"inLanguage\":\"es\",\"@id\":\"https:\/\/asunek.eus\/#\/schema\/logo\/image\/\",\"url\":\"https:\/\/asunek.eus\/wp-content\/uploads\/2023\/07\/ASUNEK-logoa-edited.png\",\"contentUrl\":\"https:\/\/asunek.eus\/wp-content\/uploads\/2023\/07\/ASUNEK-logoa-edited.png\",\"width\":632,\"height\":171,\"caption\":\"Asunek Behatokia\"},\"image\":{\"@id\":\"https:\/\/asunek.eus\/#\/schema\/logo\/image\/\"}}]}<\/script>\n<!-- \/ Yoast SEO plugin. -->","yoast_head_json":{"title":"\u00c1reas de trabajo - Asunek Behatokia","robots":{"index":"index","follow":"follow","max-snippet":"max-snippet:-1","max-image-preview":"max-image-preview:large","max-video-preview":"max-video-preview:-1"},"canonical":"https:\/\/asunek.eus\/es\/areas-de-trabajo\/","og_locale":"es_ES","og_type":"article","og_title":"\u00c1reas de trabajo - Asunek Behatokia","og_url":"https:\/\/asunek.eus\/es\/areas-de-trabajo\/","og_site_name":"Asunek Behatokia","article_modified_time":"2024-01-22T20:02:21+00:00","twitter_card":"summary_large_image","twitter_misc":{"Tiempo de lectura":"1 minuto"},"schema":{"@context":"https:\/\/schema.org","@graph":[{"@type":"WebPage","@id":"https:\/\/asunek.eus\/es\/areas-de-trabajo\/","url":"https:\/\/asunek.eus\/es\/areas-de-trabajo\/","name":"\u00c1reas de trabajo - Asunek Behatokia","isPartOf":{"@id":"https:\/\/asunek.eus\/#website"},"datePublished":"2023-07-05T16:59:40+00:00","dateModified":"2024-01-22T20:02:21+00:00","breadcrumb":{"@id":"https:\/\/asunek.eus\/es\/areas-de-trabajo\/#breadcrumb"},"inLanguage":"es","potentialAction":[{"@type":"ReadAction","target":["https:\/\/asunek.eus\/es\/areas-de-trabajo\/"]}]},{"@type":"BreadcrumbList","@id":"https:\/\/asunek.eus\/es\/areas-de-trabajo\/#breadcrumb","itemListElement":[{"@type":"ListItem","position":1,"name":"Home","item":"https:\/\/asunek.eus\/"},{"@type":"ListItem","position":2,"name":"\u00c1reas de trabajo"}]},{"@type":"WebSite","@id":"https:\/\/asunek.eus\/#website","url":"https:\/\/asunek.eus\/","name":"Asunek Behatokia","description":"Lurraldearen eta Elikaduraren Trantsizio Eko-Sozialerako Behatokia","publisher":{"@id":"https:\/\/asunek.eus\/#organization"},"alternateName":"Asunek","potentialAction":[{"@type":"SearchAction","target":{"@type":"EntryPoint","urlTemplate":"https:\/\/asunek.eus\/?s={search_term_string}"},"query-input":"required name=search_term_string"}],"inLanguage":"es"},{"@type":"Organization","@id":"https:\/\/asunek.eus\/#organization","name":"Asunek Behatokia","alternateName":"Asunek","url":"https:\/\/asunek.eus\/","logo":{"@type":"ImageObject","inLanguage":"es","@id":"https:\/\/asunek.eus\/#\/schema\/logo\/image\/","url":"https:\/\/asunek.eus\/wp-content\/uploads\/2023\/07\/ASUNEK-logoa-edited.png","contentUrl":"https:\/\/asunek.eus\/wp-content\/uploads\/2023\/07\/ASUNEK-logoa-edited.png","width":632,"height":171,"caption":"Asunek Behatokia"},"image":{"@id":"https:\/\/asunek.eus\/#\/schema\/logo\/image\/"}}]}},"_links":{"self":[{"href":"https:\/\/asunek.eus\/es\/wp-json\/wp\/v2\/pages\/1114","targetHints":{"allow":["GET"]}}],"collection":[{"href":"https:\/\/asunek.eus\/es\/wp-json\/wp\/v2\/pages"}],"about":[{"href":"https:\/\/asunek.eus\/es\/wp-json\/wp\/v2\/types\/page"}],"author":[{"embeddable":true,"href":"https:\/\/asunek.eus\/es\/wp-json\/wp\/v2\/users\/1"}],"replies":[{"embeddable":true,"href":"https:\/\/asunek.eus\/es\/wp-json\/wp\/v2\/comments?post=1114"}],"version-history":[{"count":9,"href":"https:\/\/asunek.eus\/es\/wp-json\/wp\/v2\/pages\/1114\/revisions"}],"predecessor-version":[{"id":1344,"href":"https:\/\/asunek.eus\/es\/wp-json\/wp\/v2\/pages\/1114\/revisions\/1344"}],"wp:attachment":[{"href":"https:\/\/asunek.eus\/es\/wp-json\/wp\/v2\/media?parent=1114"}],"curies":[{"name":"wp","href":"https:\/\/api.w.org\/{rel}","templated":true}]}}